{"id":69,"date":"2026-01-21T19:01:21","date_gmt":"2026-01-21T18:01:21","guid":{"rendered":"https:\/\/t3o.fr\/?page_id=69"},"modified":"2026-01-27T08:50:56","modified_gmt":"2026-01-27T07:50:56","slug":"conscience-contre-violence","status":"publish","type":"page","link":"https:\/\/t3o.fr\/index.php\/conscience-contre-violence\/","title":{"rendered":"Conscience contre violence"},"content":{"rendered":"\n<h2 class=\"wp-block-heading\">Projet<\/h2>\n\n\n\n<p>Pi\u00e8ce n\u00e9cessaire, disponible chez vous <\/p>\n\n\n\n<p>Nous souhaitons promouvoir ce texte. Car la p\u00e9riode que nous vivons n\u00e9cessite des armes conceptuelles pour tous. Stefan Zweig, avec son <em>Conscience contre violence<\/em>, nous offre une lueur d&rsquo;espoir dans le d\u00e9sastre moral contemporain. <\/p>\n\n\n\n<p>Vous avez un plancher ? C&rsquo;est bon, cela nous suffit. Dans le cadre de notre mission de promotion du discernement par la litt\u00e9rature nous venons chez vous, dans votre lieu, devant vos amis ou votre public. Quels que soient vos moyens. Et ensemble, renfor\u00e7ons notre intime conviction : nous devons nous battre pour d\u00e9fendre l&rsquo;id\u00e9e de tol\u00e9rance.<\/p>\n\n\n\n<h2 class=\"wp-block-heading\">Le spectacle<\/h2>\n\n\n\n<p>Dans une adaptation de l&rsquo;\u0153uvre de Stefan Zweig, Alexandre Bernhardt d\u00e9ploie devant nous le combat entre Calvin et Castellion. En incarnant tous les personnages, il nous plonge dans cette passionnante lutte entre deux visions du monde : faut-il choisir l&rsquo;humain ou le politique ?<\/p>\n\n\n\n<h2 class=\"wp-block-heading\">L&rsquo;histoire<\/h2>\n\n\n\n<p>Gen\u00e8ve, 1536. Port\u00e9 par le vent lib\u00e9rateur de la r\u00e9forme protestante, Calvin prend le pouvoir. Mais progressivement, il instaure une dictature de l\u2019esprit qui atteint son paroxysme avec la condamnation \u00e0 mort de Michel Servet pour h\u00e9r\u00e9sie. Un seul se dressera dans une lutte frontale contre Calvin pour d\u00e9fendre la libert\u00e9 de conscience&nbsp;: S\u00e9bastien Castellion.<\/p>\n\n\n\n<p>R\u00e9ussira-t-il \u00e0 infl\u00e9chir la position du tyran&nbsp;?<\/p>\n\n\n\n<h2 class=\"wp-block-heading\">Distribution<\/h2>\n\n\n\n<p>Adaptation et jeu : Alexandre Bernhardt<\/p>\n\n\n\n<p>Mise en sc\u00e8ne : Antoine du Jeu<\/p>\n\n\n\n<p>R\u00e9gie technique : Thibaut Nogues<\/p>\n\n\n\n<p>Design sonore : Pierre Luga<\/p>\n\n\n\n<p>Diffusion : Thomas Rippes<\/p>\n\n\n\n<div class=\"wp-block-columns is-layout-flex wp-container-core-columns-is-layout-28f84493 wp-block-columns-is-layout-flex\">\n<div class=\"wp-block-column is-layout-flow wp-block-column-is-layout-flow\" style=\"flex-basis:100%\"><\/div>\n<\/div>\n\n\n","protected":false},"excerpt":{"rendered":"<p>Projet Pi\u00e8ce n\u00e9cessaire, disponible chez vous Nous souhaitons promouvoir ce texte. Car la p\u00e9riode que nous vivons n\u00e9cessite des armes conceptuelles pour tous. Stefan Zweig, avec son Conscience contre violence, nous offre une lueur d&rsquo;espoir dans le d\u00e9sastre moral contemporain. Vous avez un plancher ? C&rsquo;est bon, cela nous suffit. Dans le cadre de notre [&hellip;]<\/p>\n","protected":false},"author":1,"featured_media":73,"parent":0,"menu_order":0,"comment_status":"closed","ping_status":"closed","template":"","meta":{"saved_in_kubio":true,"footnotes":""},"class_list":["post-69","page","type-page","status-publish","has-post-thumbnail","hentry"],"kubio_ai_page_context":{"short_desc":"","purpose":"general"},"_links":{"self":[{"href":"https:\/\/t3o.fr\/index.php\/wp-json\/wp\/v2\/pages\/69","targetHints":{"allow":["GET"]}}],"collection":[{"href":"https:\/\/t3o.fr\/index.php\/wp-json\/wp\/v2\/pages"}],"about":[{"href":"https:\/\/t3o.fr\/index.php\/wp-json\/wp\/v2\/types\/page"}],"author":[{"embeddable":true,"href":"https:\/\/t3o.fr\/index.php\/wp-json\/wp\/v2\/users\/1"}],"replies":[{"embeddable":true,"href":"https:\/\/t3o.fr\/index.php\/wp-json\/wp\/v2\/comments?post=69"}],"version-history":[{"count":10,"href":"https:\/\/t3o.fr\/index.php\/wp-json\/wp\/v2\/pages\/69\/revisions"}],"predecessor-version":[{"id":297,"href":"https:\/\/t3o.fr\/index.php\/wp-json\/wp\/v2\/pages\/69\/revisions\/297"}],"wp:featuredmedia":[{"embeddable":true,"href":"https:\/\/t3o.fr\/index.php\/wp-json\/wp\/v2\/media\/73"}],"wp:attachment":[{"href":"https:\/\/t3o.fr\/index.php\/wp-json\/wp\/v2\/media?parent=69"}],"curies":[{"name":"wp","href":"https:\/\/api.w.org\/{rel}","templated":true}]}}